{"id":11,"date":"2021-07-25T15:20:33","date_gmt":"2021-07-25T13:20:33","guid":{"rendered":"http:\/\/www.hnw-online.de\/backschies\/?page_id=11"},"modified":"2021-07-27T15:16:28","modified_gmt":"2021-07-27T13:16:28","slug":"pflege","status":"publish","type":"page","link":"https:\/\/www.backschies.de\/?page_id=11","title":{"rendered":"Pflege"},"content":{"rendered":"\n<h2 class=\"wp-block-heading\">Leistungen im Bereich Betreuungspflege in Potsdam<\/h2>\n\n\n\n<div class=\"wp-block-columns is-layout-flex wp-container-core-columns-layout-1 wp-block-columns-is-layout-flex\">\n<div class=\"wp-block-column is-layout-flow wp-block-column-is-layout-flow\">\n<figure class=\"wp-block-image size-large\"><img decoding=\"async\" src=\"\/wp-content\/uploads\/2021\/07\/senior_care_evaluation1.jpg\" alt=\"\"\/><\/figure>\n<\/div>\n\n\n\n<div class=\"wp-block-column is-layout-flow wp-block-column-is-layout-flow\">\n<p>Unsere professionellen Betreuer glauben an den Wert der Wahrung der Unabh\u00e4ngigkeit und wir wissen, dass der Komfort zu Hause die Kosten und die Atmosph\u00e4re eines Altersheims, eines Krankenhauses oder einer Hospizpflege \u00fcberwiegt. Aus diesem Grund arbeiten wir hart daran, qualitativ hochwertige Pflege an dem Ort zu liefern, an dem Sie oder Ihre Liebsten sich wie zu Hause f\u00fchlen werden. Bei Backschies H\u00e4usliche Krankenpflege und Seniorenbetreuung GmbH bieten wir Ihnen verschiedene Pflege- und Betreuungsm\u00f6glichkeiten wie Palliativpflege und Betreuungspflege.  <\/p>\n<\/div>\n<\/div>\n\n\n\n<h2 class=\"wp-block-heading\">Unsere Dienstleistungen im \u00dcberblick<\/h2>\n\n\n\n<p>Sobald wir Ihr individuelles Pflegeprogramm beginnen, werden wir regelm\u00e4\u00dfig die einvernehmlich festgelegten Ziele \u00fcberwachen, die urspr\u00fcnglich festgelegt wurden. Hier k\u00f6nnen Sie direkt auf die verschiedenen Angebote zugreifen:<\/p>\n\n\n\n<div class=\"wp-block-buttons is-layout-flex wp-block-buttons-is-layout-flex\">\n<div class=\"wp-block-button\"><a class=\"wp-block-button__link\" href=\"?page_id=25\">Krankenpflege<\/a><\/div>\n\n\n\n<div class=\"wp-block-button\"><a class=\"wp-block-button__link\" href=\"?page_id=27\">Palliativpflege<\/a><\/div>\n\n\n\n<div class=\"wp-block-button\"><a class=\"wp-block-button__link\" href=\"?page_id=29\">Verhinderungspflege<\/a><\/div>\n\n\n\n<div class=\"wp-block-button\"><a class=\"wp-block-button__link\" href=\"?page_id=31\">Entlastungsleistung<\/a><\/div>\n\n\n\n<div class=\"wp-block-button\"><a class=\"wp-block-button__link\" href=\"?page_id=33\">\u00a7 37 Abs. 3 SGB XI<\/a><\/div>\n<\/div>\n\n\n\n<p><\/p>\n","protected":false},"excerpt":{"rendered":"<p>Leistungen im Bereich Betreuungspflege in Potsdam Unsere professionellen Betreuer glauben an den Wert der Wahrung der Unabh\u00e4ngigkeit und wir wissen, dass der Komfort zu Hause &hellip; <\/p>\n","protected":false},"author":1,"featured_media":262,"parent":0,"menu_order":0,"comment_status":"closed","ping_status":"closed","template":"","meta":{"footnotes":""},"_links":{"self":[{"href":"https:\/\/www.backschies.de\/index.php?rest_route=\/wp\/v2\/pages\/11"}],"collection":[{"href":"https:\/\/www.backschies.de\/index.php?rest_route=\/wp\/v2\/pages"}],"about":[{"href":"https:\/\/www.backschies.de\/index.php?rest_route=\/wp\/v2\/types\/page"}],"author":[{"embeddable":true,"href":"https:\/\/www.backschies.de\/index.php?rest_route=\/wp\/v2\/users\/1"}],"replies":[{"embeddable":true,"href":"https:\/\/www.backschies.de\/index.php?rest_route=%2Fwp%2Fv2%2Fcomments&post=11"}],"version-history":[{"count":13,"href":"https:\/\/www.backschies.de\/index.php?rest_route=\/wp\/v2\/pages\/11\/revisions"}],"predecessor-version":[{"id":243,"href":"https:\/\/www.backschies.de\/index.php?rest_route=\/wp\/v2\/pages\/11\/revisions\/243"}],"wp:featuredmedia":[{"embeddable":true,"href":"https:\/\/www.backschies.de\/index.php?rest_route=\/wp\/v2\/media\/262"}],"wp:attachment":[{"href":"https:\/\/www.backschies.de\/index.php?rest_route=%2Fwp%2Fv2%2Fmedia&parent=11"}],"curies":[{"name":"wp","href":"https:\/\/api.w.org\/{rel}","templated":true}]}}