{"id":15,"date":"2021-07-25T15:21:34","date_gmt":"2021-07-25T13:21:34","guid":{"rendered":"http:\/\/www.hnw-online.de\/backschies\/?page_id=15"},"modified":"2021-07-27T15:18:22","modified_gmt":"2021-07-27T13:18:22","slug":"pflegeleitbild","status":"publish","type":"page","link":"https:\/\/www.backschies.de\/?page_id=15","title":{"rendered":"Pflegeleitbild"},"content":{"rendered":"\n<h2 class=\"wp-block-heading\">Pflegeleitbild<\/h2>\n\n\n\n<p><strong><em>\u201eF\u00fchre die Pflege und Betreuung von Menschen immer so aus, wie Du selbst in der gleichen Lebenssituation gepflegt werden m\u00f6chtest.\u201c<\/em><\/strong><\/p>\n\n\n\n<p>In unserem ambulanten Pflegedienst der Backschies H\u00e4usliche Krankenpflege und Seniorenbetreuung GmbH arbeiten alle Mitarbeiter nach der grundlegenden Philosophie der ganzheitlichen sowie aktivierenden Pflege nach Prof. Monika Krohwinkel. Alle unseren Mitarbeiter sind mit den Prinzipien dieser besonderen Pflegeart besonders vertraut und wenden sie stets an. Alle MitarbeiterInnen sehen die Einheit von K\u00f6rper, Geist sowie Seele als wesentlich f\u00fcr die Durchf\u00fchrung aktivierender Pflege unter Einbeziehung der Pflegepersonen an. Die biografischen Aspekte in der Pflege von Menschen sind uns von gro\u00dfer Bedeutung.<\/p>\n\n\n\n<div class=\"wp-block-columns is-layout-flex wp-container-core-columns-layout-1 wp-block-columns-is-layout-flex\">\n<div class=\"wp-block-column is-layout-flow wp-block-column-is-layout-flow\" style=\"flex-basis:33.33%\">\n<figure class=\"wp-block-image size-large\"><img decoding=\"async\" src=\"\/wp-content\/uploads\/2021\/07\/0802190603_editor.jpg\" alt=\"\"\/><\/figure>\n<\/div>\n\n\n\n<div class=\"wp-block-column is-layout-flow wp-block-column-is-layout-flow\" style=\"flex-basis:66.66%\">\n<p>Wir respektieren das Recht jedes Patienten auf selbstbestimmtes Handeln in allen Aspekten des Lebens. Wir versichern Ihnen, dass unsere Pflege diesen Anspruch unterst\u00fctzt. Unsere Betreuten in der Behandlungs- sowie Grundpflege sollen sich wohlf\u00fchlen und wissen, dass wir durch unsere Arbeit ihre Gesundheit stabilisieren und verbessern m\u00f6chten. Zusammen wollen wir zu Wegen zur selbstbestimmten Bew\u00e4ltigung der Lebensgrundbed\u00fcrfnisse beitragen. Datenschutz ist uns sehr wichtig. <\/p>\n<\/div>\n<\/div>\n\n\n\n<p>Vertrauen in unsere Leistung bedeutet nur das Beste zu leisten. Dazu dient ebenso unser Pflegesystem der Bezugspflege. Jeder betreute Patient im h\u00e4uslichen Milieu wird so wenig wie m\u00f6glich Wechsel im Personal, das ihn betreut, erleben, um auf lange Dauer und Sicherheit sowie Vertrauen in unsere Leistungen der Pflege zu f\u00fchlen.<\/p>\n\n\n\n<p>Unser Ziel ist es, eine hohe Qualit\u00e4t der von uns angebotenen Leistungen stets zu gew\u00e4hrleisten. Daf\u00fcr f\u00fchren wir Ma\u00dfnahmen zur Sicherung der Qualit\u00e4t mit allen MitarbeiterInnen durch. Eine schrittweise geordnete Fort- sowie Weiterbildung versteht sich von selbst.<\/p>\n\n\n\n<p>Sollten wir Leistungen Dritter von au\u00dfen in unser Handeln einbeziehen, so werden ebenso hier unsere Qualit\u00e4tsmerkmale an unseren Vorstellungen festgemacht. Ein gutes kompetentes Miteinander, das die Bed\u00fcrfnisse unserer Patienten versteht, ist Grundlage f\u00fcr unsere T\u00e4tigkeit.<\/p>\n","protected":false},"excerpt":{"rendered":"<p>Pflegeleitbild \u201eF\u00fchre die Pflege und Betreuung von Menschen immer so aus, wie Du selbst in der gleichen Lebenssituation gepflegt werden m\u00f6chtest.\u201c In unserem ambulanten Pflegedienst &hellip; <\/p>\n","protected":false},"author":1,"featured_media":260,"parent":0,"menu_order":0,"comment_status":"closed","ping_status":"closed","template":"","meta":{"footnotes":""},"_links":{"self":[{"href":"https:\/\/www.backschies.de\/index.php?rest_route=\/wp\/v2\/pages\/15"}],"collection":[{"href":"https:\/\/www.backschies.de\/index.php?rest_route=\/wp\/v2\/pages"}],"about":[{"href":"https:\/\/www.backschies.de\/index.php?rest_route=\/wp\/v2\/types\/page"}],"author":[{"embeddable":true,"href":"https:\/\/www.backschies.de\/index.php?rest_route=\/wp\/v2\/users\/1"}],"replies":[{"embeddable":true,"href":"https:\/\/www.backschies.de\/index.php?rest_route=%2Fwp%2Fv2%2Fcomments&post=15"}],"version-history":[{"count":9,"href":"https:\/\/www.backschies.de\/index.php?rest_route=\/wp\/v2\/pages\/15\/revisions"}],"predecessor-version":[{"id":250,"href":"https:\/\/www.backschies.de\/index.php?rest_route=\/wp\/v2\/pages\/15\/revisions\/250"}],"wp:featuredmedia":[{"embeddable":true,"href":"https:\/\/www.backschies.de\/index.php?rest_route=\/wp\/v2\/media\/260"}],"wp:attachment":[{"href":"https:\/\/www.backschies.de\/index.php?rest_route=%2Fwp%2Fv2%2Fmedia&parent=15"}],"curies":[{"name":"wp","href":"https:\/\/api.w.org\/{rel}","templated":true}]}}