{"id":17,"date":"2021-07-25T15:21:52","date_gmt":"2021-07-25T13:21:52","guid":{"rendered":"http:\/\/www.hnw-online.de\/backschies\/?page_id=17"},"modified":"2021-07-27T15:18:34","modified_gmt":"2021-07-27T13:18:34","slug":"karriere","status":"publish","type":"page","link":"https:\/\/www.backschies.de\/?page_id=17","title":{"rendered":"Karriere"},"content":{"rendered":"\n<h2 class=\"wp-block-heading\">Karriere<\/h2>\n\n\n\n<div class=\"wp-block-columns is-layout-flex wp-container-core-columns-layout-1 wp-block-columns-is-layout-flex\">\n<div class=\"wp-block-column is-layout-flow wp-block-column-is-layout-flow\" style=\"flex-basis:66.66%\">\n<figure class=\"wp-block-image size-large\"><img decoding=\"async\" src=\"\/wp-content\/uploads\/2021\/07\/epworth-villa-skilled-nursing-675941252.jpg\" alt=\"\"\/><\/figure>\n<\/div>\n\n\n\n<div class=\"wp-block-column is-layout-flow wp-block-column-is-layout-flow\" style=\"flex-basis:33.33%\">\n<p>Wir bieten eine breite Palette an medizinischen Personall\u00f6sungen. Wir konzentrieren uns auf einen qualitativ hochwertigen Service und Kundenzufriedenheit. Sie k\u00f6nnen sicher sein, dass alle unsere Gesundheitshelfer voll qualifiziert und bei den zust\u00e4ndigen Beh\u00f6rden registriert sind. Wir f\u00fchren auch strenge Hintergrundpr\u00fcfungen durch, um sicherzustellen, dass Sie den bestm\u00f6glichen Service erhalten.<\/p>\n<\/div>\n<\/div>\n","protected":false},"excerpt":{"rendered":"<p>Karriere Wir bieten eine breite Palette an medizinischen Personall\u00f6sungen. Wir konzentrieren uns auf einen qualitativ hochwertigen Service und Kundenzufriedenheit. Sie k\u00f6nnen sicher sein, dass alle &hellip; <\/p>\n","protected":false},"author":1,"featured_media":266,"parent":0,"menu_order":0,"comment_status":"closed","ping_status":"closed","template":"","meta":{"footnotes":""},"_links":{"self":[{"href":"https:\/\/www.backschies.de\/index.php?rest_route=\/wp\/v2\/pages\/17"}],"collection":[{"href":"https:\/\/www.backschies.de\/index.php?rest_route=\/wp\/v2\/pages"}],"about":[{"href":"https:\/\/www.backschies.de\/index.php?rest_route=\/wp\/v2\/types\/page"}],"author":[{"embeddable":true,"href":"https:\/\/www.backschies.de\/index.php?rest_route=\/wp\/v2\/users\/1"}],"replies":[{"embeddable":true,"href":"https:\/\/www.backschies.de\/index.php?rest_route=%2Fwp%2Fv2%2Fcomments&post=17"}],"version-history":[{"count":5,"href":"https:\/\/www.backschies.de\/index.php?rest_route=\/wp\/v2\/pages\/17\/revisions"}],"predecessor-version":[{"id":251,"href":"https:\/\/www.backschies.de\/index.php?rest_route=\/wp\/v2\/pages\/17\/revisions\/251"}],"wp:featuredmedia":[{"embeddable":true,"href":"https:\/\/www.backschies.de\/index.php?rest_route=\/wp\/v2\/media\/266"}],"wp:attachment":[{"href":"https:\/\/www.backschies.de\/index.php?rest_route=%2Fwp%2Fv2%2Fmedia&parent=17"}],"curies":[{"name":"wp","href":"https:\/\/api.w.org\/{rel}","templated":true}]}}