{"id":19,"date":"2021-07-25T15:22:06","date_gmt":"2021-07-25T13:22:06","guid":{"rendered":"http:\/\/www.hnw-online.de\/backschies\/?page_id=19"},"modified":"2025-05-25T14:44:20","modified_gmt":"2025-05-25T12:44:20","slug":"wir-ueber-uns","status":"publish","type":"page","link":"https:\/\/www.backschies.de\/?page_id=19","title":{"rendered":"Wir \u00fcber uns"},"content":{"rendered":"\n<h2 class=\"wp-block-heading\">Erfahren Sie mehr \u00fcber unsere Seniorenbetreuer<\/h2>\n\n\n\n<p><em><strong>\u201eDer Tendenz unserer Familie zur Heilkunde folgend, stand f\u00fcr mich von Anfang an fest, ich werde Krankenschwester. So folgte ich meiner Berufung. Erst als Krankenschwester und sp\u00e4ter als Gemeindeschwester.<\/strong><\/em><\/p>\n\n\n\n<p><em><strong>Die verantwortungsvolle Aufgabe gefiel mir, die Zahl der Patienten wuchs, ich brauchte Hilfe, musste Pflegerinnen einstellen, einweisen und ausbilden. So entstand die h\u00e4usliche Krankenpflege Backschies.<\/strong><\/em><\/p>\n\n\n\n<p><em><strong>Beruf und Berufung ist die eine Facette meines Lebens. Nat\u00fcrlich gibt es auch die andere Seite, die als Frau und Mutter. T\u00f6chterchen Heike spielte gerne in meinem Sprechzimmer als Gemeindeschwester und begleitete mich gelegentlich, wenn ich Patienten besuchte. Es kam wie es kommen musste, Heike wurde Krankenschwester und wie ich meine, eine sehr gute. Heute ist sie \u2013 Heike Jezewski \u2013 elementare Mitarbeiterin und rechte Hand. Ihr Sinn f\u00fcr Organisation, ihre Kompetenz und Erfahrung im chirurgischen und onkologischen Intensivbereich kommen uns allen zugute.\u201c<\/strong><\/em>&nbsp;\u2013 Lydia Backschies<\/p>\n\n\n\n<h2 class=\"wp-block-heading\">Qualit\u00e4t und Einf\u00fchlungsverm\u00f6gen: Ihre Ansprechpartner<\/h2>\n\n\n\n<p>Fachkundige Krankenpfleger\/innen und Seniorenbetreuer\/innen finden die f\u00fcr Sie geeignete L\u00f6sung, helfen Ihnen bei Antr\u00e4gen und beim Umgang mit Versicherungen, Pflegekasse, Sozialamt und anderen Beh\u00f6rden. Wir zeigen Ihnen, wer welche Kosten \u00fcbernimmt. Und wenn Sie wollen, machen wir Ihnen auch Vorschl\u00e4ge, ob Sie sich vielleicht die eine oder andere Erleichterung zus\u00e4tzlich selbst leisten wollen.<\/p>\n\n\n\n<p>Wir sind Ihre Ansprechpartner:<\/p>\n\n\n\n<p class=\"has-text-align-center\"><strong>Svenja Ebel<br><\/strong>Pflegedienstleitung<br>Telefon:\u00a0<a href=\"tel:+493316207900\">0331 6207900<\/a><\/p>\n\n\n\n<p class=\"has-text-align-center\"><strong>Ann-Kathrin Teicke<\/strong><br>stellv. Pflegedienstleitung<br>Telefon:\u00a0<a href=\"tel:+493316207900\">0331 6207900<\/a><\/p>\n\n\n\n<p class=\"has-text-align-center\"><strong>Ewa G\u00fcnther:<br><\/strong>betreutes Wohnen (Telefon:&nbsp;<a href=\"tel:+493320150700\">033201 50700<\/a>)<br>Seniorenresidenz<br>Geronto-Sozialtherapeutin<\/p>\n\n\n\n<h2 class=\"wp-block-heading has-text-align-center\">Nehmen Sie Kontakt mit uns auf<\/h2>\n\n\n\n<p class=\"has-text-align-center\">Unser Team an Krankenpflegern und Altenpflegern ist verantwortlich f\u00fcr die Vereinbarung und Umsetzung von Pflegepl\u00e4nen, die auf die individuellen Bed\u00fcrfnisse zugeschnitten sind und die bestm\u00f6gliche Lebensqualit\u00e4t f\u00fcr jeden einzelnen Bewohner gew\u00e4hrleisten sollen.<\/p>\n\n\n\n<p class=\"has-text-align-center\"><strong>Backschies H\u00e4usliche Krankenpflege und Seniorenbetreuung GmbH<\/strong><\/p>\n\n\n\n<p class=\"has-text-align-center\">Konrad-Zuse-Ring 2F, 14469 Potsdam<\/p>\n\n\n\n<p class=\"has-text-align-center\">Tel.:&nbsp;<a href=\"tel:+493316207900\">0331 6207900<\/a>, E-Mail:&nbsp;<a href=\"mailto:backschies@hnw-online.de\">backschies@hnw-online.de<\/a><\/p>\n\n\n\n<p class=\"has-text-align-center\">Unsere \u00d6ffnungszeiten: Montag \u2013 Freitag 09:00 \u2013 15:00 Uhr<br>24-Stunden-Rufbereitschaft<\/p>\n","protected":false},"excerpt":{"rendered":"<p>Erfahren Sie mehr \u00fcber unsere Seniorenbetreuer \u201eDer Tendenz unserer Familie zur Heilkunde folgend, stand f\u00fcr mich von Anfang an fest, ich werde Krankenschwester. So folgte &hellip; <\/p>\n","protected":false},"author":1,"featured_media":259,"parent":0,"menu_order":0,"comment_status":"closed","ping_status":"closed","template":"","meta":{"footnotes":""},"_links":{"self":[{"href":"https:\/\/www.backschies.de\/index.php?rest_route=\/wp\/v2\/pages\/19"}],"collection":[{"href":"https:\/\/www.backschies.de\/index.php?rest_route=\/wp\/v2\/pages"}],"about":[{"href":"https:\/\/www.backschies.de\/index.php?rest_route=\/wp\/v2\/types\/page"}],"author":[{"embeddable":true,"href":"https:\/\/www.backschies.de\/index.php?rest_route=\/wp\/v2\/users\/1"}],"replies":[{"embeddable":true,"href":"https:\/\/www.backschies.de\/index.php?rest_route=%2Fwp%2Fv2%2Fcomments&post=19"}],"version-history":[{"count":9,"href":"https:\/\/www.backschies.de\/index.php?rest_route=\/wp\/v2\/pages\/19\/revisions"}],"predecessor-version":[{"id":311,"href":"https:\/\/www.backschies.de\/index.php?rest_route=\/wp\/v2\/pages\/19\/revisions\/311"}],"wp:featuredmedia":[{"embeddable":true,"href":"https:\/\/www.backschies.de\/index.php?rest_route=\/wp\/v2\/media\/259"}],"wp:attachment":[{"href":"https:\/\/www.backschies.de\/index.php?rest_route=%2Fwp%2Fv2%2Fmedia&parent=19"}],"curies":[{"name":"wp","href":"https:\/\/api.w.org\/{rel}","templated":true}]}}