{"id":21,"date":"2021-07-25T15:22:22","date_gmt":"2021-07-25T13:22:22","guid":{"rendered":"http:\/\/www.hnw-online.de\/backschies\/?page_id=21"},"modified":"2021-07-27T17:57:02","modified_gmt":"2021-07-27T15:57:02","slug":"kontakt","status":"publish","type":"page","link":"https:\/\/www.backschies.de\/?page_id=21","title":{"rendered":"Kontakt"},"content":{"rendered":"\r\n<h2 class=\"wp-block-heading\">Kontaktinformationen<\/h2>\r\n\r\n\r\n\r\n<div class=\"wp-block-columns is-layout-flex wp-container-core-columns-layout-1 wp-block-columns-is-layout-flex\">\r\n<div class=\"wp-block-column is-layout-flow wp-block-column-is-layout-flow\" style=\"flex-basis:33.33%\">\r\n<p><strong>Telefon<\/strong>:<br><a href=\"tel:+493316207900\">0331 6207900<\/a><br>24-Stunden-Rufbereitschaft<\/p>\r\n\r\n\r\n\r\n<p><strong>E-Mail:<\/strong><br><a href=\"mailto:backschies@hnw-online.de\">backschies@hnw-online.de<\/a><\/p>\r\n\r\n\r\n\r\n<p><strong>Adresse:<\/strong><br>Backschies H\u00e4usliche Krankenpflege und Seniorenbetreuung GmbH<br>Konrad-Zuse-Ring 2F<br>14469 Potsdam<\/p>\r\n\r\n\r\n\r\n<p><strong>\u00d6ffnungszeiten:<\/strong><br>Montag \u2013 Freitag 09:00 \u2013 15:00 Uhr<\/p>\r\n<\/div>\r\n\r\n\r\n\r\n<div class=\"wp-block-column is-layout-flow wp-block-column-is-layout-flow\" style=\"flex-basis:66.66%\">\r\n<p>Sind Sie bereit, den n\u00e4chsten Schritt auf Ihrem Weg zur Langzeitpflege zu machen? Erfahren Sie noch heute mehr \u00fcber unsere Dienstleistungen rund um betreutes Wohnen und Krankenpflege. Wir bieten kostenlose Beratung an, bei der Sie mehr dar\u00fcber erfahren, wie Sie die Pflege Ihres Familienmitglieds angehen und handhaben k\u00f6nnen. Die H\u00e4usliche Krankenpflege und Seniorenbetreuung Backschies ist f\u00fcr Sie in Potsdam da. Setzen Sie sich mit uns in Verbindung, damit wir Ihnen so schnell wie m\u00f6glich helfen k\u00f6nnen.<\/p>\r\n\r\n\r\n\r\n<p><code><div id=\"simple-contact-form-wrap\">\n\t\t<div id=\"simple-contact-form\" class=\"scf\">\n\t\t\t<form action=\"#simple-contact-form-wrap\" method=\"post\">\n\t\t\t\t<div class=\"scf-row scf-name\">\n\t\t\t\t\t<label for=\"scf_name\">Ihr Name<\/label>\n\t\t\t\t\t<input name=\"scf_name\" id=\"scf_name\" type=\"text\" size=\"33\" maxlength=\"99\" value=\"\" placeholder=\"Ihr Name\" \/>\n\t\t\t\t<\/div>\n\t\t\t\t<div class=\"scf-row scf-email\">\n\t\t\t\t\t<label for=\"scf_email\">Ihre Email-Adresse<\/label>\n\t\t\t\t\t<input name=\"scf_email\" id=\"scf_email\" type=\"text\" size=\"33\" maxlength=\"99\" value=\"\" placeholder=\"Ihre Email-Adresse\" \/>\n\t\t\t\t<\/div>\n\t\t<div class=\"scf-row scf-confirm-email\">\n\t\t\t<label for=\"scf_confirm_email\">Email-Adresse best\u00e4tigen<\/label>\n\t\t\t<input name=\"scf_confirm_email\" id=\"scf_confirm_email\" type=\"text\" size=\"33\" maxlength=\"99\" value=\"\" placeholder=\"Ihre Email-Adresse\" \/>\n\t\t<\/div>\n\t\t\t\t<div class=\"scf-row scf-response\">\n\t\t\t\t\t<label for=\"scf_response\">1 + 7 =<\/label>\n\t\t\t\t\t<input name=\"scf_response\" id=\"scf_response\" type=\"text\" size=\"33\" maxlength=\"99\" value=\"\" placeholder=\"Korrekte Antwort\" \/>\n\t\t\t\t<\/div>\n\t\t\t\t<div class=\"scf-row scf-message\">\n\t\t\t\t\t<label for=\"scf_message\">Ihre Nachricht<\/label>\n\t\t\t\t\t<textarea name=\"scf_message\" id=\"scf_message\" cols=\"33\" rows=\"7\" placeholder=\"Ihre Nachricht\"><\/textarea>\n\t\t\t\t<\/div><div class=\"scf-submit\">\n\t\t\t\t\t<input type=\"submit\" id=\"scf-button\" value=\"Nachricht senden\">\n\t\t\t\t\t<input type=\"hidden\" id=\"scf-key\" name=\"scf-key\" value=\"process\">\n\t\t\t\t\t<input type=\"hidden\" id=\"scf-nonce\" name=\"scf-nonce\" value=\"29e2e9cdb2\" \/>\n\t\t\t\t<\/div>\t<div class=\"scf-confirm-checkbox\">\n\t\t<label><input type=\"checkbox\" required> Ich bin damit einverstanden, dass meine Daten gespeichert werden, damit meine Anfrage beantwortet werden kann. In der Datenschutzerkl\u00e4rung finden Sie weitere Informationen wie die Daten verarbeitet werden.<\/label>\n\t<\/div><!-- .scf-confirm-checkbox -->\n\t<\/form>\n\t\t<\/div>\n\t\t<style>.scf-confirm-checkbox { margin-top: 15px; } .scf-website3dhhsy3 { display: none; } #simple-contact-form .scf-row { width: 100%; overflow: hidden; margin: 5px 0; padding: 5px 0; border: 0; } #simple-contact-form .scf-row input { box-sizing: border-box; float: left; clear: none; width: 75%; margin: 0; } #simple-contact-form .scf-row label { box-sizing: border-box; float: left; clear: both; width: 25%; margin-top: 5px; font-size: 90%; } #simple-contact-form .scf-row textarea { box-sizing: border-box; float: left; clear: both; width: 100%; margin-top: 2px; }#simple-contact-form form { max-width: 700px; padding: 5px; } #simple-contact-form .scf-row { width: 100%; overflow: hidden; margin: 5px 0; padding: 5px 0; border: 0; } #simple-contact-form .scf-row input { box-sizing: border-box; float: left; clear: none; width: 75%; margin: 0; } #simple-contact-form .scf-row label { box-sizing: border-box; float: left; clear: both; width: 25%; margin-top: 5px; font-size: 90%; } #simple-contact-form .scf-row textarea { box-sizing: border-box; float: left; clear: both; width: 100%; margin-top: 2px; } #scf_success pre { white-space: pre-wrap; } p.scf_error, p.scf_spam { color: #cc0000; } div.scf-submit { margin-top: 10px; } p.scf_success { color: #669966; } .scf-confirm-checkbox { margin-top: 15px; } .scf-website3dhhsy3 { display: none; }<\/style><div style=\"clear:both\">&nbsp;<\/div><\/div><\/code><\/p>\r\n\r\n\r\n\r\n<p><\/p>\r\n<\/div>\r\n<\/div>\r\n","protected":false},"excerpt":{"rendered":"<p>Kontaktinformationen Telefon:0331 620790024-Stunden-Rufbereitschaft E-Mail:backschies@hnw-online.de Adresse:Backschies H\u00e4usliche Krankenpflege und Seniorenbetreuung GmbHKonrad-Zuse-Ring 2F14469 Potsdam \u00d6ffnungszeiten:Montag \u2013 Freitag 09:00 \u2013 15:00 Uhr Sind Sie bereit, den n\u00e4chsten Schritt &hellip; <\/p>\n","protected":false},"author":1,"featured_media":265,"parent":0,"menu_order":0,"comment_status":"closed","ping_status":"closed","template":"","meta":{"footnotes":""},"_links":{"self":[{"href":"https:\/\/www.backschies.de\/index.php?rest_route=\/wp\/v2\/pages\/21"}],"collection":[{"href":"https:\/\/www.backschies.de\/index.php?rest_route=\/wp\/v2\/pages"}],"about":[{"href":"https:\/\/www.backschies.de\/index.php?rest_route=\/wp\/v2\/types\/page"}],"author":[{"embeddable":true,"href":"https:\/\/www.backschies.de\/index.php?rest_route=\/wp\/v2\/users\/1"}],"replies":[{"embeddable":true,"href":"https:\/\/www.backschies.de\/index.php?rest_route=%2Fwp%2Fv2%2Fcomments&post=21"}],"version-history":[{"count":7,"href":"https:\/\/www.backschies.de\/index.php?rest_route=\/wp\/v2\/pages\/21\/revisions"}],"predecessor-version":[{"id":298,"href":"https:\/\/www.backschies.de\/index.php?rest_route=\/wp\/v2\/pages\/21\/revisions\/298"}],"wp:featuredmedia":[{"embeddable":true,"href":"https:\/\/www.backschies.de\/index.php?rest_route=\/wp\/v2\/media\/265"}],"wp:attachment":[{"href":"https:\/\/www.backschies.de\/index.php?rest_route=%2Fwp%2Fv2%2Fmedia&parent=21"}],"curies":[{"name":"wp","href":"https:\/\/api.w.org\/{rel}","templated":true}]}}