{"id":23,"date":"2021-07-25T15:22:42","date_gmt":"2021-07-25T13:22:42","guid":{"rendered":"http:\/\/www.hnw-online.de\/backschies\/?page_id=23"},"modified":"2025-05-25T14:46:47","modified_gmt":"2025-05-25T12:46:47","slug":"impressum","status":"publish","type":"page","link":"https:\/\/www.backschies.de\/?page_id=23","title":{"rendered":"Impressum"},"content":{"rendered":"\n<h2 class=\"wp-block-heading\">Impressum<\/h2>\n\n\n\n<figure class=\"wp-block-image size-large\"><img decoding=\"async\" src=\"\/wp-content\/uploads\/2021\/07\/cropped-Logo-145x66-1.jpg\" alt=\"\"\/><\/figure>\n\n\n\n<p>Backschies H\u00e4usliche Krankenpflege<br>und Seniorenbetreuung GmbH<br><br><strong>Rechtsform<\/strong><br>GmbH<br><br><strong>Anschrift<\/strong><br>Konrad-Zuse-Ring 2F<br>14469 Potsdam<br><br><strong>Kontakt<\/strong><br>Tel.: +49 331 620 79 00<br>E-Mail: backschies@hnw-online.de<br><\/p>\n\n\n\n<p><strong>Vertretungsberechtigter<\/strong><br>Lydia Backschies (Gesellschaftende Gesch\u00e4ftsf\u00fchrerin)<br>Heike Jezewski (2. Gesch\u00e4ftsf\u00fchrerin)<\/p>\n\n\n\n<p><strong>Datenschutzbeauftragte<\/strong>.<br>Caroline Jezewski<\/p>\n\n\n\n<p><strong>Medizinproduktebeauftragte<\/strong><br>Marlies Behrens<br>E-Mail: pflegeberatung_backschies@yahoo.com<br><br><strong>Registereintrag<\/strong><br>Handelsregister Potsdam HRB 32889P<\/p>\n\n\n\n<p><strong>Design und Umsetzung<\/strong><br>Reticulum Verwaltungs GmbH<br>Finowstr. 38<br>10247 Berlin<br><a href=\"https:\/\/www.hnw-online.de\" data-type=\"URL\" data-id=\"https:\/\/www.hnw-online.de\" target=\"_blank\" rel=\"noreferrer noopener\">www.hnw-online.de<\/a><\/p>\n\n\n\n<p><strong>Haftungshinweis<\/strong><br>Trotz sorgf\u00e4ltiger inhaltlicher Kontrolle \u00fcbernehmen wir keine Haftung f\u00fcr die Inhalte externer Links. F\u00fcr den Inhalt der verlinkten Seiten sind ausschlie\u00dflich deren Betreiber verantwortlich.<\/p>\n\n\n\n<p><strong>Streitigkeiten<\/strong><br>Hier erhalten Sie als Verbraucher die M\u00f6glichkeit, sich bei Streitigkeiten mit uns an eine Schlichtungsstelle zu wenden:<br><a href=\"https:\/\/ec.europa.eu\/consumers\/odr\/\" target=\"_blank\" rel=\"noreferrer noopener\">https:\/\/ec.europa.eu\/consumers\/odr\/<\/a><\/p>\n","protected":false},"excerpt":{"rendered":"<p>Impressum Backschies H\u00e4usliche Krankenpflegeund Seniorenbetreuung GmbH RechtsformGmbH AnschriftKonrad-Zuse-Ring 2F14469 Potsdam KontaktTel.: +49 331 620 79 00E-Mail: backschies@hnw-online.de VertretungsberechtigterLydia Backschies (Gesellschaftende Gesch\u00e4ftsf\u00fchrerin)Heike Jezewski (2. Gesch\u00e4ftsf\u00fchrerin) Datenschutzbeauftragte.Caroline &hellip; <\/p>\n","protected":false},"author":1,"featured_media":264,"parent":0,"menu_order":0,"comment_status":"closed","ping_status":"closed","template":"","meta":{"footnotes":""},"_links":{"self":[{"href":"https:\/\/www.backschies.de\/index.php?rest_route=\/wp\/v2\/pages\/23"}],"collection":[{"href":"https:\/\/www.backschies.de\/index.php?rest_route=\/wp\/v2\/pages"}],"about":[{"href":"https:\/\/www.backschies.de\/index.php?rest_route=\/wp\/v2\/types\/page"}],"author":[{"embeddable":true,"href":"https:\/\/www.backschies.de\/index.php?rest_route=\/wp\/v2\/users\/1"}],"replies":[{"embeddable":true,"href":"https:\/\/www.backschies.de\/index.php?rest_route=%2Fwp%2Fv2%2Fcomments&post=23"}],"version-history":[{"count":9,"href":"https:\/\/www.backschies.de\/index.php?rest_route=\/wp\/v2\/pages\/23\/revisions"}],"predecessor-version":[{"id":313,"href":"https:\/\/www.backschies.de\/index.php?rest_route=\/wp\/v2\/pages\/23\/revisions\/313"}],"wp:featuredmedia":[{"embeddable":true,"href":"https:\/\/www.backschies.de\/index.php?rest_route=\/wp\/v2\/media\/264"}],"wp:attachment":[{"href":"https:\/\/www.backschies.de\/index.php?rest_route=%2Fwp%2Fv2%2Fmedia&parent=23"}],"curies":[{"name":"wp","href":"https:\/\/api.w.org\/{rel}","templated":true}]}}