{"id":27,"date":"2021-07-25T15:23:19","date_gmt":"2021-07-25T13:23:19","guid":{"rendered":"http:\/\/www.hnw-online.de\/backschies\/?page_id=27"},"modified":"2021-07-27T15:17:00","modified_gmt":"2021-07-27T13:17:00","slug":"palliativpflege","status":"publish","type":"page","link":"https:\/\/www.backschies.de\/?page_id=27","title":{"rendered":"Palliativpflege"},"content":{"rendered":"\n<h2 class=\"wp-block-heading\">Erfahren Sie mehr \u00fcber unsere Leistungen im Bereich Palliativpflege<\/h2>\n\n\n\n<p>Wir verstehen, dass manchmal eine ernsthaftere h\u00e4usliche Pflege erforderlich ist, beispielsweise Palliativpflege. W\u00e4hrend ambulante Palliativpflege eine Vielzahl von h\u00e4uslichen Pflegediensten umfassen kann, ist sie nicht nur auf medizinische h\u00e4usliche Pflegedienste beschr\u00e4nkt. Unser Palliativteam bietet Menschen mit schwerer Krankheit fachliche Informationen und unterst\u00fctzende Betreuung. Dies beinhaltet Symptomkontrolle und vorausschauende Pflegeplanung. Wir sind uns bewusst, dass emotionale, spirituelle, famili\u00e4re und finanzielle Sorgen genauso wichtig sein k\u00f6nnen wie k\u00f6rperliche Probleme. Wir unterst\u00fctzen sie auch bei diesen Aspekten der Pflege.<\/p>\n\n\n\n<p>Unser Palliativteam besteht aus spezialisierten Pflegefachkr\u00e4ften und \u00c4rzten, Mitarbeitern der psychologischen Unterst\u00fctzung und Verwaltungspersonal, um Sie bei der Bew\u00e4ltigung der Folgen schwerer Krankheiten wie Krebs und anderer langfristiger Gesundheitszust\u00e4nde zu unterst\u00fctzen. Wenn jemand bettl\u00e4gerig ist, kann Palliativpflege Hilfe in Form von Medikamentenerinnerungen oder sogar bei der Durchf\u00fchrung t\u00e4glicher Aktivit\u00e4ten leisten. Dies gibt einer Familie die Gewissheit, dass ihre Lieben sicher und komfortabel sind.<\/p>\n\n\n\n<div class=\"wp-block-columns is-layout-flex wp-container-core-columns-layout-1 wp-block-columns-is-layout-flex\">\n<div class=\"wp-block-column is-layout-flow wp-block-column-is-layout-flow\">\n<figure class=\"wp-block-image size-large\"><img decoding=\"async\" src=\"\/wp-content\/uploads\/2021\/07\/g54s9dvf-1401980019.jpg\" alt=\"\"\/><\/figure>\n<\/div>\n\n\n\n<div class=\"wp-block-column is-layout-flow wp-block-column-is-layout-flow\">\n<p>Wenn es um ambulante Palliativpflege geht, stellen wir sicher, dass unsere Betreuer mitf\u00fchlend und engagiert sind, um Kunden bei allem zu unterst\u00fctzen, was sie ben\u00f6tigen. Sollten Sie an einer nicht heilbaren, fortschreitenden oder weit fortgeschrittenen Erkrankung leiden, haben Sie seit 2007 Anspruch auf spezialisierte ambulante Palliativversorgung (SAPV) im Rahmen der gesetzlichen Krankenversicherung (nach \u00a7 37b Sozialgesetzbuch F\u00fcnf (<a rel=\"noreferrer noopener\" href=\"https:\/\/www.pflege.de\/pflegekasse-pflegerecht\/pflegegesetz-pflegereform\/sgb\/v\/\" target=\"_blank\">SGB V<\/a>)). Diese Leistung wird von Ihrem Hausarzt oder Krankenhausarzt verordnet und muss als Folge von Ihrer Krankenkasse genehmigt werden.<\/p>\n<\/div>\n<\/div>\n\n\n\n<div class=\"wp-block-buttons is-content-justification-center is-layout-flex wp-block-buttons-is-layout-flex\">\n<div class=\"wp-block-button\"><a class=\"wp-block-button__link\" href=\"http:\/\/www.backschies.de\/?page_id=15\">Unser Pflegeleitbild<\/a><\/div>\n<\/div>\n\n\n\n<p><strong>Ihre Vorteile<\/strong><\/p>\n\n\n\n<p>Diese Art der Pflege mit einem ambulanten Pflegedienst oder Pflegeheim bietet viele Vorteile. Ber\u00fccksichtigen Sie die folgenden Vorteile:<\/p>\n\n\n\n<ul><li>Seniorenheime sind weniger besch\u00e4ftigt als viele Krankenh\u00e4user und andere klinische Einrichtungen.<\/li><li>Es ist wahrscheinlich, dass die Wartezeit (falls vorhanden) geringer ist.<\/li><li>Die H\u00e4user sind mit professionellen Pflegekr\u00e4ften besetzt, die in der Seniorenpflege geschult sind.<\/li><li>Die Pflege kann zus\u00e4tzliche Gesundheitsdienste wie Unterst\u00fctzung beim F\u00fcttern, Anziehen, Baden, Inkontinenz und mehr umfassen.<\/li><li>Kranke Senioren werden mit anderen in ihrem Alter in Gemeinschaft sein und ihre Erfahrungen mit anderen teilen k\u00f6nnen.<\/li><\/ul>\n","protected":false},"excerpt":{"rendered":"<p>Erfahren Sie mehr \u00fcber unsere Leistungen im Bereich Palliativpflege Wir verstehen, dass manchmal eine ernsthaftere h\u00e4usliche Pflege erforderlich ist, beispielsweise Palliativpflege. W\u00e4hrend ambulante Palliativpflege eine &hellip; <\/p>\n","protected":false},"author":1,"featured_media":262,"parent":0,"menu_order":0,"comment_status":"closed","ping_status":"closed","template":"","meta":{"footnotes":""},"_links":{"self":[{"href":"https:\/\/www.backschies.de\/index.php?rest_route=\/wp\/v2\/pages\/27"}],"collection":[{"href":"https:\/\/www.backschies.de\/index.php?rest_route=\/wp\/v2\/pages"}],"about":[{"href":"https:\/\/www.backschies.de\/index.php?rest_route=\/wp\/v2\/types\/page"}],"author":[{"embeddable":true,"href":"https:\/\/www.backschies.de\/index.php?rest_route=\/wp\/v2\/users\/1"}],"replies":[{"embeddable":true,"href":"https:\/\/www.backschies.de\/index.php?rest_route=%2Fwp%2Fv2%2Fcomments&post=27"}],"version-history":[{"count":9,"href":"https:\/\/www.backschies.de\/index.php?rest_route=\/wp\/v2\/pages\/27\/revisions"}],"predecessor-version":[{"id":246,"href":"https:\/\/www.backschies.de\/index.php?rest_route=\/wp\/v2\/pages\/27\/revisions\/246"}],"wp:featuredmedia":[{"embeddable":true,"href":"https:\/\/www.backschies.de\/index.php?rest_route=\/wp\/v2\/media\/262"}],"wp:attachment":[{"href":"https:\/\/www.backschies.de\/index.php?rest_route=%2Fwp%2Fv2%2Fmedia&parent=27"}],"curies":[{"name":"wp","href":"https:\/\/api.w.org\/{rel}","templated":true}]}}