{"id":31,"date":"2021-07-25T15:23:52","date_gmt":"2021-07-25T13:23:52","guid":{"rendered":"http:\/\/www.hnw-online.de\/backschies\/?page_id=31"},"modified":"2021-07-27T15:17:33","modified_gmt":"2021-07-27T13:17:33","slug":"entlastungsleistung","status":"publish","type":"page","link":"https:\/\/www.backschies.de\/?page_id=31","title":{"rendered":"Entlastungsleistung"},"content":{"rendered":"\n<h2 class=\"wp-block-heading\">Erfahren Sie mehr \u00fcber Entlastungsleistungen<br>und Erstattungen bei Pflegediensten<\/h2>\n\n\n\n<p>Sollte bei Ihnen der Fall zutreffen, dass Ihr Alltag zum Beispiel aufgrund von psychischen Erkrankungen in wesentlichem Ma\u00dfe komprimiert ist, haben Sie einen Anspruch auf zus\u00e4tzliche Entlastungsleistungen, die Sie auf jeden Fall in Anspruch nehmen sollten. Hierzu z\u00e4hlen u. a. gemeinsame Aktivit\u00e4ten wie die Reinigung der Wohnung, Gartenarbeit oder Spazierg\u00e4nge.<\/p>\n\n\n\n<p>Seit dem Jahr 2017 besteht der Anspruch auf diese Leistungen f\u00fcr alle Pflegebed\u00fcrftigen ab Pflegegrad 1. Die Pflegekasse wird die anfallenden Kosten ab 01. Januar 2017 mit bis zu 125 Euro pro Monat erstatten. Bitte beachten Sie, dass eine Barauszahlung f\u00fcr diese Leistung, wie im Beispiel vom Pflegegeld der Pflegegrade, nicht m\u00f6glich ist.<\/p>\n\n\n\n<p>Die Inanspruchnahme der Umwandlung des ambulanten Sachleistungsbetrags nach \u00a7 45a Abs. 4 SGB XI sowie die Inanspruchnahme des Entlastungsbetrags (125 Euro) nach \u00a7 45b SGB XI erfolgen unabh\u00e4ngig voneinander. Dies bedeutet, dass der Pflegebed\u00fcrftige ausw\u00e4hlen kann, aus welchem \u201eTopf\u201c diese Pflegeleistung finanziert werden soll.<\/p>\n\n\n\n<div class=\"wp-block-columns is-layout-flex wp-container-core-columns-layout-1 wp-block-columns-is-layout-flex\">\n<div class=\"wp-block-column is-layout-flow wp-block-column-is-layout-flow\" style=\"flex-basis:66.66%\">\n<figure class=\"wp-block-image size-large\"><img decoding=\"async\" src=\"\/wp-content\/uploads\/2021\/07\/smmc_wheelchair.jpg\" alt=\"\"\/><\/figure>\n<\/div>\n\n\n\n<div class=\"wp-block-column is-layout-flow wp-block-column-is-layout-flow\" style=\"flex-basis:33.33%\">\n<p> Bevor die Erstattung der Kosten erfolgen kann, wird eine Nachweis der entsprechenden Aufwendungen ben\u00f6tigt. Dieser beinhaltet ebenso bei Pflegebed\u00fcrftigen die ambulanten Leistungen (Pflegegeld sowie Pflegesachleistung und Kombinationsleistung) sowie die Teil- bzw. station\u00e4ren Leistungen (Tages-\/Nachtpflege und Kurzzeitpflege). Ihr Pflegedienst hat ebenso die M\u00f6glichkeit, direkt mit der Pflegekasse abzurechnen, damit Sie nicht mit den anfallenden Kosten in Vorleistung gehen m\u00fcssen. <\/p>\n<\/div>\n<\/div>\n\n\n\n<p>Sollten Sie noch unbeantwortete Fragen oder bestimmte Anliegen haben, die Sie gerne besprechen w\u00fcrden, k\u00f6nnen Sie uns jederzeit kontaktieren. Rufen Sie uns an oder senden Sie uns eine E-Mail. Wir versprechen Ihnen, dass wir alle Anfragen so schnell wie m\u00f6glich beantworten. Ansonsten haben Sie immer die M\u00f6glichkeit, uns pers\u00f6nlich zu besuchen.<\/p>\n","protected":false},"excerpt":{"rendered":"<p>Erfahren Sie mehr \u00fcber Entlastungsleistungenund Erstattungen bei Pflegediensten Sollte bei Ihnen der Fall zutreffen, dass Ihr Alltag zum Beispiel aufgrund von psychischen Erkrankungen in wesentlichem &hellip; <\/p>\n","protected":false},"author":1,"featured_media":262,"parent":0,"menu_order":0,"comment_status":"closed","ping_status":"closed","template":"","meta":{"footnotes":""},"_links":{"self":[{"href":"https:\/\/www.backschies.de\/index.php?rest_route=\/wp\/v2\/pages\/31"}],"collection":[{"href":"https:\/\/www.backschies.de\/index.php?rest_route=\/wp\/v2\/pages"}],"about":[{"href":"https:\/\/www.backschies.de\/index.php?rest_route=\/wp\/v2\/types\/page"}],"author":[{"embeddable":true,"href":"https:\/\/www.backschies.de\/index.php?rest_route=\/wp\/v2\/users\/1"}],"replies":[{"embeddable":true,"href":"https:\/\/www.backschies.de\/index.php?rest_route=%2Fwp%2Fv2%2Fcomments&post=31"}],"version-history":[{"count":6,"href":"https:\/\/www.backschies.de\/index.php?rest_route=\/wp\/v2\/pages\/31\/revisions"}],"predecessor-version":[{"id":254,"href":"https:\/\/www.backschies.de\/index.php?rest_route=\/wp\/v2\/pages\/31\/revisions\/254"}],"wp:featuredmedia":[{"embeddable":true,"href":"https:\/\/www.backschies.de\/index.php?rest_route=\/wp\/v2\/media\/262"}],"wp:attachment":[{"href":"https:\/\/www.backschies.de\/index.php?rest_route=%2Fwp%2Fv2%2Fmedia&parent=31"}],"curies":[{"name":"wp","href":"https:\/\/api.w.org\/{rel}","templated":true}]}}