{"id":314,"date":"2025-05-25T15:04:07","date_gmt":"2025-05-25T13:04:07","guid":{"rendered":"https:\/\/www.backschies.de\/?page_id=314"},"modified":"2025-05-26T13:46:15","modified_gmt":"2025-05-26T11:46:15","slug":"pflegeberatung","status":"publish","type":"page","link":"https:\/\/www.backschies.de\/?page_id=314","title":{"rendered":"Pflegeberatung"},"content":{"rendered":"\n<h2 class=\"wp-block-heading\">Ansprechpartner<\/h2>\n\n\n\n<p>Marlies Behrens (Pflegeberaterin)<br>Tel.: 0331-6207900<br>E-Mail: pflegeberatung_backschies@yahoo.com<\/p>\n\n\n\n<h2 class=\"wp-block-heading\">Was sind Beratungsbesuche nach \u00a737 Abs. 3 SGB XI?<\/h2>\n\n\n\n<p>Sie haben einen Pflegegrad und erhalten monatlich Pflegegeld? Dann sind Beratungsbesuche verpflichtend, f\u00fcr Sie jedoch kostenlos. Diese Besuche sind zur \u00dcberpr\u00fcfung der Pflege im h\u00e4uslichen Bereich eingef\u00fchrt worden. Zum einen um sicherzustellen, dass der Pflegebed\u00fcrftige gut gepflegt wird und die Pflegepersonen mit der Pflege nicht \u00fcberfordert sind. Wir schaffen uns einen \u00dcberblick \u00fcber die h\u00e4usliche Situation und beraten Sie gerne zu Hilfsmitteln und weitere entlastende M\u00f6glichkeiten in der Pflege.<\/p>\n\n\n\n<p>Wir \u00fcberpr\u00fcfen keinen Pflegegrad und wir Begutachten nicht, ob der Pflegegrad angemessen ist!<\/p>\n\n\n\n<p>Ablauf:<\/p>\n\n\n\n<ul>\n<li>wir kommen zu Ihnen nach Hause<\/li>\n\n\n\n<li>wir f\u00fchren ein Gespr\u00e4ch zum Verlauf der Pflege und dem Umfang der Pflegema\u00dfnahmen. Wir geben Ihnen einen \u00dcberblick zu den Leistungen der Pflegekassen. Wir ermitteln den Bedarf an Pflegehilfsmitteln und geben Unterst\u00fctzungsangebote<\/li>\n\n\n\n<li>Sie k\u00f6nnen nat\u00fcrlich gerne Fragen zur Pflege, zu Pflegetechniken und allgemeinen Leistungen der Pflegeversicherung stellen<\/li>\n\n\n\n<li>Die Abrechnung wird im Anschluss direkt mit Ihrer Pflegekasse erfolgen. Sie brauchen sich um gar nichts Sorgen zu machen. Sie erhalten ebenso einen Nachweis zum Beratungseinsatz f\u00fcr Ihre Unterlagen. Selbstverst\u00e4ndlich ist die Beratung f\u00fcr Sie geb\u00fchrenfrei, denn alle Kosten werden durch Ihre Pflegekasse direkt gedeckt.<\/li>\n\n\n\n<li>Der Beratungsbesuch dauert in der Regel 20-60 Minuten.<\/li>\n<\/ul>\n\n\n\n<h2 class=\"wp-block-heading\">Wie oft m\u00fcssen Beratungsbesuche durchgef\u00fchrt werden?<\/h2>\n\n\n\n<p>Bei Bezug von Pflegegeld sind folgende Pflegegrade zu einem Beratungsbesuch verpflichtet:<\/p>\n\n\n\n<ul>\n<li>Pflegegrade 4 und 5: viertelj\u00e4hrlich (4x im Jahr)<\/li>\n\n\n\n<li>Pflegegrade 2 und 3: halbj\u00e4hrlich (2x im Jahr) Menschen mit<\/li>\n<\/ul>\n\n\n\n<p>Menschen mit Pflegegrad 1 sind nicht verpflichtet einen Beratungsbesuch durchzuf\u00fchren, haben aber die M\u00f6glichkeit, ein Gespr\u00e4ch in Anspruch zu nehmen.<\/p>\n\n\n\n<h2 class=\"wp-block-heading\">Schulung in der h\u00e4uslichen Umgebung nach \u00a7 45 SGB XI (nur Barmer und TK)<\/h2>\n\n\n\n<p>Dieses Angebot richtet sich vor allem an Sie, als pflegende Angeh\u00f6rige. Wir k\u00f6nnen eine Pflegeschulung in Ihrer H\u00e4uslichkeit durchf\u00fchren. Das kann dann notwendig werden, wenn Sie etwa unvorbereitet einen Angeh\u00f6rigen zu Hause pflegen.<br>Wir vermitteln Ihnen individuell abgestimmte theoretische und praktische Grundlagen.<\/p>\n\n\n\n<p>Die Beratung findet in der Wohnung der pflegebed\u00fcrftigen Person statt und dauert im Regelfall 1,5 bis 2 Stunden<\/p>\n\n\n\n<p><strong>Folgende Inhalte k\u00f6nnten in Schulungen vermittelt werden (praktisch und theoretisch):<\/strong><\/p>\n\n\n\n<ul>\n<li>Prinzip der aktivierenden Pflege<\/li>\n\n\n\n<li>K\u00f6rperpflege (Wahl der Pflegemittel, Techniken der K\u00f6rperpflege)<\/li>\n\n\n\n<li>An- und Auskleiden, besonders bei Einschr\u00e4nkungen, wie L\u00e4hmungen oder Spastiken<\/li>\n\n\n\n<li>Behandlung einer Inkontinenz (z.B. Umgang mit Vorlagen, Toilettentraining)<\/li>\n\n\n\n<li>Prophylaxen, etwa Druckgeschw\u00fcr, Lungenentz\u00fcndung, Thrombose, Ern\u00e4hrung, Kontrakturen, Sturz usw.<\/li>\n\n\n\n<li>Hebe- und Tragetechniken (z.B. aufstehen und hinlegen aus und in das Bett)<\/li>\n\n\n\n<li>r\u00fcckenschonende Arbeitsweise<\/li>\n\n\n\n<li>sinnvoller Umgang mit Hilfsmitteln (etwa Badewannenlifter, Duschstuhl)<\/li>\n\n\n\n<li>seniorengerechte Ern\u00e4hrung \/ Ern\u00e4hrung mittels einer Ern\u00e4hrungssonde \/ Anreichen des Essens \/ Durst anregen<\/li>\n\n\n\n<li>Atmung, Puls, Blutdruck und Temperatur<\/li>\n\n\n\n<li>Umgang mit Medikamenten (Lagerung und Verabreichung)<\/li>\n\n\n\n<li>aktive und passive Bewegungs\u00fcbungen<\/li>\n\n\n\n<li>Umgang mit Notf\u00e4llen (St\u00fcrze, Unterzuckerung, Verschlucken usw.)<\/li>\n\n\n\n<li>Umgang mit Sterbenden<\/li>\n<\/ul>\n","protected":false},"excerpt":{"rendered":"<p>Ansprechpartner Marlies Behrens (Pflegeberaterin)Tel.: 0331-6207900E-Mail: pflegeberatung_backschies@yahoo.com Was sind Beratungsbesuche nach \u00a737 Abs. 3 SGB XI? Sie haben einen Pflegegrad und erhalten monatlich Pflegegeld? Dann sind &hellip; <\/p>\n","protected":false},"author":1,"featured_media":262,"parent":0,"menu_order":0,"comment_status":"closed","ping_status":"closed","template":"","meta":{"footnotes":""},"_links":{"self":[{"href":"https:\/\/www.backschies.de\/index.php?rest_route=\/wp\/v2\/pages\/314"}],"collection":[{"href":"https:\/\/www.backschies.de\/index.php?rest_route=\/wp\/v2\/pages"}],"about":[{"href":"https:\/\/www.backschies.de\/index.php?rest_route=\/wp\/v2\/types\/page"}],"author":[{"embeddable":true,"href":"https:\/\/www.backschies.de\/index.php?rest_route=\/wp\/v2\/users\/1"}],"replies":[{"embeddable":true,"href":"https:\/\/www.backschies.de\/index.php?rest_route=%2Fwp%2Fv2%2Fcomments&post=314"}],"version-history":[{"count":6,"href":"https:\/\/www.backschies.de\/index.php?rest_route=\/wp\/v2\/pages\/314\/revisions"}],"predecessor-version":[{"id":326,"href":"https:\/\/www.backschies.de\/index.php?rest_route=\/wp\/v2\/pages\/314\/revisions\/326"}],"wp:featuredmedia":[{"embeddable":true,"href":"https:\/\/www.backschies.de\/index.php?rest_route=\/wp\/v2\/media\/262"}],"wp:attachment":[{"href":"https:\/\/www.backschies.de\/index.php?rest_route=%2Fwp%2Fv2%2Fmedia&parent=314"}],"curies":[{"name":"wp","href":"https:\/\/api.w.org\/{rel}","templated":true}]}}